{"id":773,"date":"2016-11-09T18:33:01","date_gmt":"2016-11-09T18:33:01","guid":{"rendered":"http:\/\/www.villavrbnik.com\/de\/location\/"},"modified":"2017-02-07T15:39:27","modified_gmt":"2017-02-07T15:39:27","slug":"lage","status":"publish","type":"page","link":"https:\/\/villavrbnik.com\/de\/lage\/","title":{"rendered":"Lage"},"content":{"rendered":"<div id=\"pl-773\"  class=\"panel-layout\" ><div id=\"pg-773-0\"  class=\"panel-grid panel-no-style\" ><div id=\"pgc-773-0-0\"  class=\"panel-grid-cell\" ><div id=\"panel-773-0-0-0\" class=\"so-panel widget widget_sow-editor panel-first-child panel-last-child\" data-index=\"0\" ><div\n\t\t\t\n\t\t\tclass=\"so-widget-sow-editor so-widget-sow-editor-base\"\n\t\t\t\n\t\t>\n<div class=\"siteorigin-widget-tinymce textwidget\">\n\t<h2 class=\"page-title\">Lage<\/h2>\n<\/div>\n<\/div><\/div><\/div><\/div><div id=\"pg-773-1\"  class=\"panel-grid panel-no-style\" ><div id=\"pgc-773-1-0\"  class=\"panel-grid-cell\" ><div id=\"panel-773-1-0-0\" class=\"so-panel widget widget_sow-editor panel-first-child panel-last-child\" data-index=\"1\" ><div\n\t\t\t\n\t\t\tclass=\"so-widget-sow-editor so-widget-sow-editor-base\"\n\t\t\t\n\t\t>\n<div class=\"siteorigin-widget-tinymce textwidget\">\n\t<h3>KROATIEN<\/h3>\n<p>Die Republik Kroatien ist ein Staat zwischen Mitteleuropa, S\u00fcdosteuropa und dem Mittelmeer.  Zagreb ist die Hauptstadt.  Kroatien umfasst 56.594 Quadratkilometer und hat vielf\u00e4ltiges, meist kontinentales und mediterranes Klima.  Die kroatische Adriak\u00fcste enth\u00e4lt mehr als Tausend Inseln.  In Kroatien gibt es acht Nationalparks.  Unber\u00fchrte Natur der kroatischen Nationalparks und die Vielfalt der Flora und Fauna lassen niemanden gleichg\u00fcltig.  Dies ist ein sch\u00f6nes Land, das Sie besuchen sollten!<\/p>\n<\/div>\n<\/div><\/div><\/div><div id=\"pgc-773-1-1\"  class=\"panel-grid-cell\" ><div id=\"panel-773-1-1-0\" class=\"so-panel widget widget_sow-image panel-first-child panel-last-child\" data-index=\"2\" ><div\n\t\t\t\n\t\t\tclass=\"so-widget-sow-image so-widget-sow-image-default-8b5b6f678277-773\"\n\t\t\t\n\t\t>\n\n<div class=\"sow-image-container\">\n\t\t<img decoding=\"async\" src=\"https:\/\/villavrbnik.com\/wp-content\/uploads\/2016\/11\/location.jpg\" width=\"550\" height=\"220\" srcset=\"https:\/\/villavrbnik.com\/wp-content\/uploads\/2016\/11\/location.jpg 550w, https:\/\/villavrbnik.com\/wp-content\/uploads\/2016\/11\/location-300x120.jpg 300w\" sizes=\"(max-width: 550px) 100vw, 550px\" alt=\"\" loading=\"lazy\" \t\tclass=\"so-widget-image\"\/>\n\t<\/div>\n\n<\/div><\/div><\/div><\/div><div id=\"pg-773-2\"  class=\"panel-grid panel-no-style\" ><div id=\"pgc-773-2-0\"  class=\"panel-grid-cell\" ><div id=\"panel-773-2-0-0\" class=\"so-panel widget widget_sow-editor panel-first-child panel-last-child\" data-index=\"3\" ><div\n\t\t\t\n\t\t\tclass=\"so-widget-sow-editor so-widget-sow-editor-base\"\n\t\t\t\n\t\t><h3 class=\"widget-title\">KVARNER<\/h3>\n<div class=\"siteorigin-widget-tinymce textwidget\">\n\t<p>Die Kvarner Bucht ist eine Bucht in der n\u00f6rdlichen Adria, die sich zwischen der Halbinsel Istrien und dem n\u00f6rdlichen kroatischen Festland befindet.<br \/> Kvarner ist nur wenige Autostunden von Wien, M\u00fcnchen, Milan, Budapest, Ljubljana, Venedig und nur zwei Flugstunden von allen St\u00e4dten Europas entfernt. Die Stadt Rijeka ist der Sitz der Region, die der Treffpunkt wichtiger Stra\u00dfen, Eisenbahnen, Seewasserstrassen und Luftfahrtwege mit dem internationalen Flughafen auf der Insel Krk ist.<\/p>\n<h3>DIE INSEL KRK<\/h3>\n<p>liegt in der N\u00e4he des Festlandes und ist \u00fcber eine 1,430 m lange Br\u00fccke mit zwei B\u00f6gen mit dem Festland verbunden. Alle Hauptstra\u00dfen auf der Insel sind in gutem Zustand und breit, um bequem zu fahren. Es gibt Verkehrsschilder sehr oft neben der Stra\u00dfe, so dass Sie Richtung nach Vrbnik sehen k\u00f6nnen.<\/p>\n<\/div>\n<\/div><\/div><\/div><div id=\"pgc-773-2-1\"  class=\"panel-grid-cell\" ><div id=\"panel-773-2-1-0\" class=\"so-panel widget widget_sow-image panel-first-child panel-last-child\" data-index=\"4\" ><div\n\t\t\t\n\t\t\tclass=\"so-widget-sow-image so-widget-sow-image-default-8b5b6f678277-773\"\n\t\t\t\n\t\t>\n\n<div class=\"sow-image-container\">\n\t\t<img decoding=\"async\" src=\"https:\/\/villavrbnik.com\/wp-content\/uploads\/2016\/11\/krk-bridge.jpg\" width=\"550\" height=\"367\" srcset=\"https:\/\/villavrbnik.com\/wp-content\/uploads\/2016\/11\/krk-bridge.jpg 550w, https:\/\/villavrbnik.com\/wp-content\/uploads\/2016\/11\/krk-bridge-300x200.jpg 300w, https:\/\/villavrbnik.com\/wp-content\/uploads\/2016\/11\/krk-bridge-272x182.jpg 272w\" sizes=\"(max-width: 550px) 100vw, 550px\" title=\"krk bridge\" alt=\"krk bridge\" loading=\"lazy\" \t\tclass=\"so-widget-image\"\/>\n\t<\/div>\n\n<\/div><\/div><\/div><\/div><div id=\"pg-773-3\"  class=\"panel-grid panel-no-style\" ><div id=\"pgc-773-3-0\"  class=\"panel-grid-cell\" ><div id=\"panel-773-3-0-0\" class=\"so-panel widget widget_sow-editor panel-first-child panel-last-child\" data-index=\"5\" ><div\n\t\t\t\n\t\t\tclass=\"so-widget-sow-editor so-widget-sow-editor-base\"\n\t\t\t\n\t\t>\n<div class=\"siteorigin-widget-tinymce textwidget\">\n\t<h3>WIE K\u00d6NNEN SIE UNS ERREICHEN?<\/h3>\n<h4>GPS: 45.075765, 14.670155<\/h4>\n<h3>Autofahrt<\/h3>\n<p>Die Stra\u00dfenverbindung ist sehr gut und verbindet die Insel mit allen Autobahnen in ganz Europa.<br \/> <strong>Aus Richtung Zagreb,<\/strong> fahren Sie auf der Autobahn in Richtung A6 Zagreb - Rijeka und nach 160 km nehmen Sie die Ausfahrt nach O\u0161trovica (Insel Krk). Wenn Sie die Autobahn verlassen, fahren Sie die \u00f6rtliche Stra\u00dfe hinunter zur Krk-Br\u00fccke. Die Entfernung von Zagreb nach Vrbnik betr\u00e4gt 180 km, zwei Autostunden entfernt.<br \/> <strong>Aus Richtung Triest,<\/strong> wenn Sie \u00fcber den Grenz\u00fcbergang Rupa \/ Pasjak nach Kroatien kommen, folgen Sie den Verkehrsschildern nach Rijeka und der Insel Krk und Sie kommen direkt zur Krk-Br\u00fccke. Die Entfernung von Vrbnik zur Stadt Rijeka betr\u00e4gt 50 km.<br \/> Die Villa ist 39 km entfernt <strong>von der Krk-Br\u00fccke,<\/strong> es ist eine halbe Stunde Fahrt. Sie k\u00f6nnen Vrbnik sehr leicht erreichen, indem Sie den Verkehrsschildern folgen. Wenn Sie die Stra\u00dfe in die Mitte des Weinbergs bringt, gelangen Sie ans Ziel!<\/p>\n<\/div>\n<\/div><\/div><\/div><div id=\"pgc-773-3-1\"  class=\"panel-grid-cell\" ><div id=\"panel-773-3-1-0\" class=\"so-panel widget widget_sow-image panel-first-child panel-last-child\" data-index=\"6\" ><div\n\t\t\t\n\t\t\tclass=\"so-widget-sow-image so-widget-sow-image-default-8b5b6f678277-773\"\n\t\t\t\n\t\t>\n\n<div class=\"sow-image-container\">\n\t\t<img decoding=\"async\" src=\"https:\/\/villavrbnik.com\/wp-content\/uploads\/2016\/11\/cesta.jpg\" width=\"550\" height=\"370\" srcset=\"https:\/\/villavrbnik.com\/wp-content\/uploads\/2016\/11\/cesta.jpg 550w, https:\/\/villavrbnik.com\/wp-content\/uploads\/2016\/11\/cesta-300x202.jpg 300w, https:\/\/villavrbnik.com\/wp-content\/uploads\/2016\/11\/cesta-272x182.jpg 272w\" sizes=\"(max-width: 550px) 100vw, 550px\" alt=\"\" loading=\"lazy\" \t\tclass=\"so-widget-image\"\/>\n\t<\/div>\n\n<\/div><\/div><\/div><\/div><div id=\"pg-773-4\"  class=\"panel-grid panel-no-style\" ><div id=\"pgc-773-4-0\"  class=\"panel-grid-cell\" ><div id=\"panel-773-4-0-0\" class=\"so-panel widget widget_sow-editor panel-first-child panel-last-child\" data-index=\"7\" ><div\n\t\t\t\n\t\t\tclass=\"so-widget-sow-editor so-widget-sow-editor-base\"\n\t\t\t\n\t\t>\n<div class=\"siteorigin-widget-tinymce textwidget\">\n\t<h3>Flugfahrt<\/h3>\n<p><strong>Rijeka International Airport<\/strong> befindet sich auf der Insel und ist 25 km von der Villa entfernt. Der Flughafen Rijeka ist mit allen europ\u00e4ischen Gro\u00dfst\u00e4dten verbunden: London, Berlin, D\u00fcsseldorf, Hamburg, K\u00f6ln, M\u00fcnchen, Stuttgart, Helsinki, Stockholm, Oslo, Moskau, Kopenhagen, Bern, Br\u00fcssel, Warschau, Tel Aviv, Riga, Tallinn und Vilnius. Es ist eine halbe Stunde Fahrt vom Flughafen zur Villa.<br \/> <strong>Zagreb Flughafen<\/strong> ist 190 km und <strong>Pula Flughafen<\/strong> ist 155 km von der Villa entfernt. Sie sind auch mit allen europ\u00e4ischen St\u00e4dten jeden Tag in der Woche verbunden.<br \/> <strong>F\u00fcr jede m\u00f6gliche Hilfe w\u00e4hrend Ihrer Reise z\u00f6gern Sie nicht, uns per Handy jederzeit zu erreichen!<\/strong><\/p>\n<\/div>\n<\/div><\/div><\/div><div id=\"pgc-773-4-1\"  class=\"panel-grid-cell\" ><div id=\"panel-773-4-1-0\" class=\"so-panel widget widget_sow-image panel-first-child panel-last-child\" data-index=\"8\" ><div\n\t\t\t\n\t\t\tclass=\"so-widget-sow-image so-widget-sow-image-default-8b5b6f678277-773\"\n\t\t\t\n\t\t>\n\n<div class=\"sow-image-container\">\n\t\t<img decoding=\"async\" src=\"https:\/\/villavrbnik.com\/wp-content\/uploads\/2016\/11\/plane-in-blue-sky.jpg\" width=\"550\" height=\"262\" srcset=\"https:\/\/villavrbnik.com\/wp-content\/uploads\/2016\/11\/plane-in-blue-sky.jpg 550w, https:\/\/villavrbnik.com\/wp-content\/uploads\/2016\/11\/plane-in-blue-sky-300x143.jpg 300w\" sizes=\"(max-width: 550px) 100vw, 550px\" title=\"krk airport\" alt=\"krk airport\" loading=\"lazy\" \t\tclass=\"so-widget-image\"\/>\n\t<\/div>\n\n<\/div><\/div><\/div><\/div><div id=\"pg-773-5\"  class=\"panel-grid panel-no-style\" ><div id=\"pgc-773-5-0\"  class=\"panel-grid-cell\" ><div id=\"panel-773-5-0-0\" class=\"so-panel widget widget_sow-editor panel-first-child panel-last-child\" data-index=\"9\" ><div\n\t\t\t\n\t\t\tclass=\"so-widget-sow-editor so-widget-sow-editor-base\"\n\t\t\t\n\t\t>\n<div class=\"siteorigin-widget-tinymce textwidget\">\n\t<h3>LINKS<\/h3>\n<h4>LUFT<\/h4>\n<p><a href=\"http:\/\/www.zagreb-airport.hr\" target=\"_blank\">www.zagreb-airport.hr<\/a><br \/>\n<a href=\"http:\/\/www.rijeka-airport.hr\" target=\"_blank\">www.rijeka-airport.hr<\/a><br \/>\n<a href=\"http:\/\/www.airport-pula.hr\" target=\"_blank\">www.airport-pula.hr<\/a><\/p>\n<h4>Fluggesellschaften, die nach Rijeka Airport fliegen<\/h4>\n<p><a href=\"http:\/\/www.croatiaairlines.com\" target=\"_blank\">www.croatiaairlines.com<\/a><br \/>\n<a href=\"http:\/\/www.ryanair.com\" target=\"_blank\">www.ryanair.com<\/a><br \/>\n<a href=\"http:\/\/www.easyjet.com\" target=\"_blank\">www.easyjet.com<\/a><br \/>\n<a href=\"http:\/\/www.airberlin.com\/\">www.airberlin.com<\/a><br \/>\n<a href=\"http:\/\/www.germanwings.com\/\">www.germanwings.com<\/a><br \/>\n<a href=\"http:\/\/www.tuifly.com\/\">www.tuifly.com<\/a><br \/>\n<a href=\"http:\/\/www.nordica.ee\">www.nordica.ee<\/a><br \/>\n<a href=\"http:\/\/www.norwegian.com\">www.norwegian.com<\/a><br \/>\n<a href=\"http:\/\/www.arkia.com\">www.arkia.com<\/a><br \/>\n<a href=\"http:\/\/www.airbaltic.com\">www.airbaltic.com<\/a><br \/>\n<a href=\"http:\/\/www.skywork.edreams.com\">www.skywork.edreams.com<\/a><br \/>\n<a href=\"http:\/\/www.eurowings.com\">www.eurowings.com<\/a><br \/>\n<a href=\"http:\/\/www.smallplanet.aero\">www.smallplanet.aero<\/a><br \/>\n<a href=\"http:\/\/www.czechairlines.com\">www.czechairlines.com<\/a><\/p>\n<\/div>\n<\/div><\/div><\/div><div id=\"pgc-773-5-1\"  class=\"panel-grid-cell\" ><div id=\"panel-773-5-1-0\" class=\"so-panel widget widget_sow-editor panel-first-child panel-last-child\" data-index=\"10\" ><div\n\t\t\t\n\t\t\tclass=\"so-widget-sow-editor so-widget-sow-editor-base\"\n\t\t\t\n\t\t>\n<div class=\"siteorigin-widget-tinymce textwidget\">\n\t<h4>\u00a0<\/h4>\n<h4>\u00a0<\/h4>\n<h4>\u00a0<\/h4>\n<h4>\u00a0<\/h4>\n<h4>\u00a0<\/h4>\n<h4>Fluggesellschaften, die nach Zagreb Airport fliegen<\/h4>\n<p><a href=\"http:\/\/www.croatiaairlines.com\/\">www.croatiaairlines.com<\/a><br \/> <a href=\"http:\/\/www.lufthansa.com\">www.lufthansa.com<\/a><br \/> <a href=\"http:\/\/www.alitalia.com\">www.alitalia.com<\/a><br \/> <a href=\"http:\/\/www.klm.com\">www.klm.com<\/a><br \/> <a href=\"http:\/\/www.airfrance.com\">www.airfrance.com<\/a><br \/> <a href=\"http:\/\/www.swiss.com\">www.swiss.com<\/a><br \/> <a href=\"http:\/\/www.aeroflot.com\">www.aeroflot.com<\/a><br \/> <a href=\"http:\/\/www.norwegian.com\">www.norwegian.com<\/a><br \/> <a href=\"http:\/\/www.ryanair.com\/\">www.ryanair.com<\/a><br \/> <a href=\"http:\/\/www.germanwings.com\/\">www.germanwings.com<\/a><br \/> <a href=\"http:\/\/www.austrian.com\">www.austrian.com<\/a><br \/> <a href=\"http:\/\/www.turkishairlines.com\">www.turkishairlines.com<\/a><br \/> <a href=\"http:\/\/www.brusselsairlines.com\/\">www.brusselsairlines.com<\/a><br \/> <a href=\"http:\/\/www.lot.com\/\">www.lot.com<\/a><\/p>\n<\/div>\n<\/div><\/div><\/div><\/div><div id=\"pg-773-6\"  class=\"panel-grid panel-no-style\" ><div id=\"pgc-773-6-0\"  class=\"panel-grid-cell\" ><div id=\"panel-773-6-0-0\" class=\"so-panel widget widget_sow-editor panel-first-child panel-last-child\" data-index=\"11\" ><div\n\t\t\t\n\t\t\tclass=\"so-widget-sow-editor so-widget-sow-editor-base\"\n\t\t\t\n\t\t>\n<div class=\"siteorigin-widget-tinymce textwidget\">\n\t<h4>STRA\u00dfE<\/h4>\n<p><a href=\"http:\/\/www.hak.hr\/en\">www.hak.hr\/en<\/a><br \/>\nKroatische Verkehrsinfo<br \/>\n<a href=\"http:\/\/www.viamichelin.com\/\">www.viamichelin.com<\/a><br \/>\nKarten mit Wegbeschreibungen<br \/>\n<a href=\"http:\/\/www.oryx-rent.hr\">www.oryx-rent.hr<\/a><br \/>\nRent-a-car<br \/>\n<a href=\"http:\/\/www.arz.hr\/en\/\">http:\/\/www.arz.hr\/en\/<\/a><br \/>\nRijeka - Zagreb Autobahn Info<\/p>\n<\/div>\n<\/div><\/div><\/div><div id=\"pgc-773-6-1\"  class=\"panel-grid-cell\" ><div id=\"panel-773-6-1-0\" class=\"so-panel widget widget_sow-editor panel-first-child panel-last-child\" data-index=\"12\" ><div\n\t\t\t\n\t\t\tclass=\"so-widget-sow-editor so-widget-sow-editor-base\"\n\t\t\t\n\t\t>\n<div class=\"siteorigin-widget-tinymce textwidget\">\n\t<h4>MEER<\/h4>\n<p><a href=\"http:\/\/www.jadrolinija.hr\/\">www.jadrolinija.hr<\/a><br \/>\nKroatisches Boot und F\u00e4hrentransportunternehmen<br \/>\n<a href=\"http:\/\/www.marina-punat.hr\">www.marina-punat.hr<\/a><br \/>\nMarina f\u00fcr Yachten und Segelboote<\/p>\n<\/div>\n<\/div><\/div><\/div><\/div><\/div>","protected":false},"excerpt":{"rendered":"<p>Lage KROATIEN Die Republik Kroatien ist ein Staat zwischen Mitteleuropa, S\u00fcdosteuropa und dem Mittelmeer. Zagreb ist die Hauptstadt. Kroatien umfasst 56.594 Quadratkilometer und hat vielf\u00e4ltiges, meist kontinentales und mediterranes Klima. Die kroatische Adriak\u00fcste enth\u00e4lt mehr als Tausend Inseln. In Kroatien gibt es acht Nationalparks. Unber\u00fchrte Natur der kroatischen Nationalparks und[&#8230;]<\/p>\n","protected":false},"author":1,"featured_media":0,"parent":0,"menu_order":0,"comment_status":"closed","ping_status":"closed","template":"template-builder.php","meta":{"footnotes":""},"yoast_head":"<!-- This site is optimized with the Yoast SEO plugin v21.9.1 - https:\/\/yoast.com\/wordpress\/plugins\/seo\/ -->\n<title>Lage | Villa Vrbnik<\/title>\n<meta name=\"robots\" content=\"index, follow, max-snippet:-1, max-image-preview:large, max-video-preview:-1\" \/>\n<link rel=\"canonical\" href=\"https:\/\/villavrbnik.com\/location\/\" \/>\n<meta property=\"og:locale\" content=\"de_DE\" \/>\n<meta property=\"og:type\" content=\"article\" \/>\n<meta property=\"og:title\" content=\"Lage | Villa Vrbnik\" \/>\n<meta property=\"og:description\" content=\"Lage KROATIEN Die Republik Kroatien ist ein Staat zwischen Mitteleuropa, S\u00fcdosteuropa und dem Mittelmeer. Zagreb ist die Hauptstadt. Kroatien umfasst 56.594 Quadratkilometer und hat vielf\u00e4ltiges, meist kontinentales und mediterranes Klima. Die kroatische Adriak\u00fcste enth\u00e4lt mehr als Tausend Inseln. In Kroatien gibt es acht Nationalparks. Unber\u00fchrte Natur der kroatischen Nationalparks und[...]\" \/>\n<meta property=\"og:url\" content=\"https:\/\/villavrbnik.com\/location\/\" \/>\n<meta property=\"og:site_name\" content=\"Villa Vrbnik\" \/>\n<meta property=\"article:modified_time\" content=\"2017-02-07T15:39:27+00:00\" \/>\n<meta property=\"og:image\" content=\"http:\/\/www.villavrbnik.com\/wp-content\/uploads\/2016\/11\/location.jpg\" \/>\n<meta name=\"twitter:card\" content=\"summary_large_image\" \/>\n<meta name=\"twitter:label1\" content=\"Gesch\u00e4tzte Lesezeit\" \/>\n\t<meta name=\"twitter:data1\" content=\"3\u00a0Minuten\" \/>\n<script type=\"application\/ld+json\" class=\"yoast-schema-graph\">{\"@context\":\"https:\/\/schema.org\",\"@graph\":[{\"@type\":\"WebPage\",\"@id\":\"https:\/\/villavrbnik.com\/location\/\",\"url\":\"https:\/\/villavrbnik.com\/location\/\",\"name\":\"Lage | Villa Vrbnik\",\"isPartOf\":{\"@id\":\"https:\/\/villavrbnik.com\/#website\"},\"datePublished\":\"2016-11-09T18:33:01+00:00\",\"dateModified\":\"2017-02-07T15:39:27+00:00\",\"breadcrumb\":{\"@id\":\"https:\/\/villavrbnik.com\/location\/#breadcrumb\"},\"inLanguage\":\"de\",\"potentialAction\":[{\"@type\":\"ReadAction\",\"target\":[\"https:\/\/villavrbnik.com\/location\/\"]}]},{\"@type\":\"BreadcrumbList\",\"@id\":\"https:\/\/villavrbnik.com\/location\/#breadcrumb\",\"itemListElement\":[{\"@type\":\"ListItem\",\"position\":1,\"name\":\"Home\",\"item\":\"https:\/\/villavrbnik.com\/de\/\"},{\"@type\":\"ListItem\",\"position\":2,\"name\":\"Lage\"}]},{\"@type\":\"WebSite\",\"@id\":\"https:\/\/villavrbnik.com\/#website\",\"url\":\"https:\/\/villavrbnik.com\/\",\"name\":\"Villa Vrbnik\",\"description\":\"Luxury summer home\",\"potentialAction\":[{\"@type\":\"SearchAction\",\"target\":{\"@type\":\"EntryPoint\",\"urlTemplate\":\"https:\/\/villavrbnik.com\/?s={search_term_string}\"},\"query-input\":\"required name=search_term_string\"}],\"inLanguage\":\"de\"}]}<\/script>\n<!-- \/ Yoast SEO plugin. -->","yoast_head_json":{"title":"Lage | Villa Vrbnik","robots":{"index":"index","follow":"follow","max-snippet":"max-snippet:-1","max-image-preview":"max-image-preview:large","max-video-preview":"max-video-preview:-1"},"canonical":"https:\/\/villavrbnik.com\/location\/","og_locale":"de_DE","og_type":"article","og_title":"Lage | Villa Vrbnik","og_description":"Lage KROATIEN Die Republik Kroatien ist ein Staat zwischen Mitteleuropa, S\u00fcdosteuropa und dem Mittelmeer. Zagreb ist die Hauptstadt. Kroatien umfasst 56.594 Quadratkilometer und hat vielf\u00e4ltiges, meist kontinentales und mediterranes Klima. Die kroatische Adriak\u00fcste enth\u00e4lt mehr als Tausend Inseln. In Kroatien gibt es acht Nationalparks. Unber\u00fchrte Natur der kroatischen Nationalparks und[...]","og_url":"https:\/\/villavrbnik.com\/location\/","og_site_name":"Villa Vrbnik","article_modified_time":"2017-02-07T15:39:27+00:00","og_image":[{"url":"http:\/\/www.villavrbnik.com\/wp-content\/uploads\/2016\/11\/location.jpg"}],"twitter_card":"summary_large_image","twitter_misc":{"Gesch\u00e4tzte Lesezeit":"3\u00a0Minuten"},"schema":{"@context":"https:\/\/schema.org","@graph":[{"@type":"WebPage","@id":"https:\/\/villavrbnik.com\/location\/","url":"https:\/\/villavrbnik.com\/location\/","name":"Lage | Villa Vrbnik","isPartOf":{"@id":"https:\/\/villavrbnik.com\/#website"},"datePublished":"2016-11-09T18:33:01+00:00","dateModified":"2017-02-07T15:39:27+00:00","breadcrumb":{"@id":"https:\/\/villavrbnik.com\/location\/#breadcrumb"},"inLanguage":"de","potentialAction":[{"@type":"ReadAction","target":["https:\/\/villavrbnik.com\/location\/"]}]},{"@type":"BreadcrumbList","@id":"https:\/\/villavrbnik.com\/location\/#breadcrumb","itemListElement":[{"@type":"ListItem","position":1,"name":"Home","item":"https:\/\/villavrbnik.com\/de\/"},{"@type":"ListItem","position":2,"name":"Lage"}]},{"@type":"WebSite","@id":"https:\/\/villavrbnik.com\/#website","url":"https:\/\/villavrbnik.com\/","name":"Villa Vrbnik","description":"Luxury summer home","potentialAction":[{"@type":"SearchAction","target":{"@type":"EntryPoint","urlTemplate":"https:\/\/villavrbnik.com\/?s={search_term_string}"},"query-input":"required name=search_term_string"}],"inLanguage":"de"}]}},"_links":{"self":[{"href":"https:\/\/villavrbnik.com\/de\/wp-json\/wp\/v2\/pages\/773"}],"collection":[{"href":"https:\/\/villavrbnik.com\/de\/wp-json\/wp\/v2\/pages"}],"about":[{"href":"https:\/\/villavrbnik.com\/de\/wp-json\/wp\/v2\/types\/page"}],"author":[{"embeddable":true,"href":"https:\/\/villavrbnik.com\/de\/wp-json\/wp\/v2\/users\/1"}],"replies":[{"embeddable":true,"href":"https:\/\/villavrbnik.com\/de\/wp-json\/wp\/v2\/comments?post=773"}],"version-history":[{"count":2,"href":"https:\/\/villavrbnik.com\/de\/wp-json\/wp\/v2\/pages\/773\/revisions"}],"predecessor-version":[{"id":1078,"href":"https:\/\/villavrbnik.com\/de\/wp-json\/wp\/v2\/pages\/773\/revisions\/1078"}],"wp:attachment":[{"href":"https:\/\/villavrbnik.com\/de\/wp-json\/wp\/v2\/media?parent=773"}],"curies":[{"name":"wp","href":"https:\/\/api.w.org\/{rel}","templated":true}]}}