{"id":769,"date":"2016-11-02T14:41:23","date_gmt":"2016-11-02T14:41:23","guid":{"rendered":"http:\/\/www.villavrbnik.com\/de\/our-story\/"},"modified":"2024-04-14T12:34:47","modified_gmt":"2024-04-14T12:34:47","slug":"unsere-geschichte","status":"publish","type":"page","link":"https:\/\/villavrbnik.com\/de\/unsere-geschichte\/","title":{"rendered":"Unsere Geschichte"},"content":{"rendered":"<p>Unsere Geschichte ist ein wenig anders als die anderen in der Tourismusbranche. Wir liebten Reisen und erforschten die Welt seit unserer Kindheit. Nach so vielen Jahren des Reisens beschlossen wir, die Unterkunft in unserem sch\u00f6nen Land anzubieten und unsere Familienvilla f\u00fcr G\u00e4ste zu \u00f6ffnen. Unser Ziel ist es, Ihnen das Beste aus Kroatien zu pr\u00e4sentieren!<\/p>\n<h2>Warum?<\/h2>\n<p>Wir schauen immer mit Ihren Augen, den Augen eines Reisenden, und versuchen, jedem Gast ein einzigartiges Erlebnis mit pers\u00f6nlichem Zugang zu bieten. Unsere Priorit\u00e4t ist Ihre Zufriedenheit und wir bem\u00fchen uns immer, unser Bestes zu tun, um Ihren Urlaub perfekt zu machen. Wenn Sie sich entscheiden, Ihren Urlaub in unserer Villa zu verbringen, auf welchen sie so lange gewartet haben und auf welchen Sie sich das ganze Jahr lang freuen, ist es unsere Aufgabe, Sie gl\u00fccklich zu machen und Ihren Aufenthalt unvergesslich zu machen.<\/p>\n<h2>Danke sch\u00f6n<\/h2>\n<p>Wir bedanken uns bei Ihnen, dass Sie uns eine Gelegenheit gaben, der Teil Ihres Urlaubs zu sein. Wir warten auf Ihren Anruf und werden alles tun, Ihre Tr\u00e4ume wahr werden zu lassen.<\/p>\n","protected":false},"excerpt":{"rendered":"<p>Unsere Geschichte ist ein wenig anders als die anderen in der Tourismusbranche. Wir liebten Reisen und erforschten die Welt seit unserer Kindheit. Nach so vielen Jahren des Reisens beschlossen wir, die Unterkunft in unserem sch\u00f6nen Land anzubieten und unsere Familienvilla f\u00fcr G\u00e4ste zu \u00f6ffnen. Unser Ziel ist es, Ihnen das[&#8230;]<\/p>\n","protected":false},"author":1,"featured_media":2258,"parent":0,"menu_order":0,"comment_status":"closed","ping_status":"open","template":"","meta":{"footnotes":""},"yoast_head":"<!-- This site is optimized with the Yoast SEO plugin v21.9.1 - https:\/\/yoast.com\/wordpress\/plugins\/seo\/ -->\n<title>Unsere Geschichte | Villa Vrbnik<\/title>\n<meta name=\"robots\" content=\"index, follow, max-snippet:-1, max-image-preview:large, max-video-preview:-1\" \/>\n<link rel=\"canonical\" href=\"https:\/\/villavrbnik.com\/de\/unsere-geschichte\/\" \/>\n<meta property=\"og:locale\" content=\"de_DE\" \/>\n<meta property=\"og:type\" content=\"article\" \/>\n<meta property=\"og:title\" content=\"Unsere Geschichte | Villa Vrbnik\" \/>\n<meta property=\"og:description\" content=\"Unsere Geschichte ist ein wenig anders als die anderen in der Tourismusbranche. Wir liebten Reisen und erforschten die Welt seit unserer Kindheit. Nach so vielen Jahren des Reisens beschlossen wir, die Unterkunft in unserem sch\u00f6nen Land anzubieten und unsere Familienvilla f\u00fcr G\u00e4ste zu \u00f6ffnen. Unser Ziel ist es, Ihnen das[...]\" \/>\n<meta property=\"og:url\" content=\"https:\/\/villavrbnik.com\/de\/unsere-geschichte\/\" \/>\n<meta property=\"og:site_name\" content=\"Villa Vrbnik\" \/>\n<meta property=\"article:modified_time\" content=\"2024-04-14T12:34:47+00:00\" \/>\n<meta property=\"og:image\" content=\"https:\/\/villavrbnik.com\/wp-content\/uploads\/2024\/04\/3.-Story.jpg\" \/>\n\t<meta property=\"og:image:width\" content=\"1128\" \/>\n\t<meta property=\"og:image:height\" content=\"630\" \/>\n\t<meta property=\"og:image:type\" content=\"image\/jpeg\" \/>\n<meta name=\"twitter:card\" content=\"summary_large_image\" \/>\n<meta name=\"twitter:label1\" content=\"Gesch\u00e4tzte Lesezeit\" \/>\n\t<meta name=\"twitter:data1\" content=\"1\u00a0Minute\" \/>\n<script type=\"application\/ld+json\" class=\"yoast-schema-graph\">{\"@context\":\"https:\/\/schema.org\",\"@graph\":[{\"@type\":\"WebPage\",\"@id\":\"https:\/\/villavrbnik.com\/de\/unsere-geschichte\/\",\"url\":\"https:\/\/villavrbnik.com\/de\/unsere-geschichte\/\",\"name\":\"Unsere Geschichte | Villa Vrbnik\",\"isPartOf\":{\"@id\":\"https:\/\/villavrbnik.com\/#website\"},\"datePublished\":\"2016-11-02T14:41:23+00:00\",\"dateModified\":\"2024-04-14T12:34:47+00:00\",\"breadcrumb\":{\"@id\":\"https:\/\/villavrbnik.com\/de\/unsere-geschichte\/#breadcrumb\"},\"inLanguage\":\"de\",\"potentialAction\":[{\"@type\":\"ReadAction\",\"target\":[\"https:\/\/villavrbnik.com\/de\/unsere-geschichte\/\"]}]},{\"@type\":\"BreadcrumbList\",\"@id\":\"https:\/\/villavrbnik.com\/de\/unsere-geschichte\/#breadcrumb\",\"itemListElement\":[{\"@type\":\"ListItem\",\"position\":1,\"name\":\"Home\",\"item\":\"https:\/\/villavrbnik.com\/de\/\"},{\"@type\":\"ListItem\",\"position\":2,\"name\":\"Unsere Geschichte\"}]},{\"@type\":\"WebSite\",\"@id\":\"https:\/\/villavrbnik.com\/#website\",\"url\":\"https:\/\/villavrbnik.com\/\",\"name\":\"Villa Vrbnik\",\"description\":\"Luxury summer home\",\"potentialAction\":[{\"@type\":\"SearchAction\",\"target\":{\"@type\":\"EntryPoint\",\"urlTemplate\":\"https:\/\/villavrbnik.com\/?s={search_term_string}\"},\"query-input\":\"required name=search_term_string\"}],\"inLanguage\":\"de\"}]}<\/script>\n<!-- \/ Yoast SEO plugin. -->","yoast_head_json":{"title":"Unsere Geschichte | Villa Vrbnik","robots":{"index":"index","follow":"follow","max-snippet":"max-snippet:-1","max-image-preview":"max-image-preview:large","max-video-preview":"max-video-preview:-1"},"canonical":"https:\/\/villavrbnik.com\/de\/unsere-geschichte\/","og_locale":"de_DE","og_type":"article","og_title":"Unsere Geschichte | Villa Vrbnik","og_description":"Unsere Geschichte ist ein wenig anders als die anderen in der Tourismusbranche. Wir liebten Reisen und erforschten die Welt seit unserer Kindheit. Nach so vielen Jahren des Reisens beschlossen wir, die Unterkunft in unserem sch\u00f6nen Land anzubieten und unsere Familienvilla f\u00fcr G\u00e4ste zu \u00f6ffnen. Unser Ziel ist es, Ihnen das[...]","og_url":"https:\/\/villavrbnik.com\/de\/unsere-geschichte\/","og_site_name":"Villa Vrbnik","article_modified_time":"2024-04-14T12:34:47+00:00","og_image":[{"width":1128,"height":630,"url":"https:\/\/villavrbnik.com\/wp-content\/uploads\/2024\/04\/3.-Story.jpg","type":"image\/jpeg"}],"twitter_card":"summary_large_image","twitter_misc":{"Gesch\u00e4tzte Lesezeit":"1\u00a0Minute"},"schema":{"@context":"https:\/\/schema.org","@graph":[{"@type":"WebPage","@id":"https:\/\/villavrbnik.com\/de\/unsere-geschichte\/","url":"https:\/\/villavrbnik.com\/de\/unsere-geschichte\/","name":"Unsere Geschichte | Villa Vrbnik","isPartOf":{"@id":"https:\/\/villavrbnik.com\/#website"},"datePublished":"2016-11-02T14:41:23+00:00","dateModified":"2024-04-14T12:34:47+00:00","breadcrumb":{"@id":"https:\/\/villavrbnik.com\/de\/unsere-geschichte\/#breadcrumb"},"inLanguage":"de","potentialAction":[{"@type":"ReadAction","target":["https:\/\/villavrbnik.com\/de\/unsere-geschichte\/"]}]},{"@type":"BreadcrumbList","@id":"https:\/\/villavrbnik.com\/de\/unsere-geschichte\/#breadcrumb","itemListElement":[{"@type":"ListItem","position":1,"name":"Home","item":"https:\/\/villavrbnik.com\/de\/"},{"@type":"ListItem","position":2,"name":"Unsere Geschichte"}]},{"@type":"WebSite","@id":"https:\/\/villavrbnik.com\/#website","url":"https:\/\/villavrbnik.com\/","name":"Villa Vrbnik","description":"Luxury summer home","potentialAction":[{"@type":"SearchAction","target":{"@type":"EntryPoint","urlTemplate":"https:\/\/villavrbnik.com\/?s={search_term_string}"},"query-input":"required name=search_term_string"}],"inLanguage":"de"}]}},"_links":{"self":[{"href":"https:\/\/villavrbnik.com\/de\/wp-json\/wp\/v2\/pages\/769"}],"collection":[{"href":"https:\/\/villavrbnik.com\/de\/wp-json\/wp\/v2\/pages"}],"about":[{"href":"https:\/\/villavrbnik.com\/de\/wp-json\/wp\/v2\/types\/page"}],"author":[{"embeddable":true,"href":"https:\/\/villavrbnik.com\/de\/wp-json\/wp\/v2\/users\/1"}],"replies":[{"embeddable":true,"href":"https:\/\/villavrbnik.com\/de\/wp-json\/wp\/v2\/comments?post=769"}],"version-history":[{"count":1,"href":"https:\/\/villavrbnik.com\/de\/wp-json\/wp\/v2\/pages\/769\/revisions"}],"predecessor-version":[{"id":2260,"href":"https:\/\/villavrbnik.com\/de\/wp-json\/wp\/v2\/pages\/769\/revisions\/2260"}],"wp:featuredmedia":[{"embeddable":true,"href":"https:\/\/villavrbnik.com\/de\/wp-json\/wp\/v2\/media\/2258"}],"wp:attachment":[{"href":"https:\/\/villavrbnik.com\/de\/wp-json\/wp\/v2\/media?parent=769"}],"curies":[{"name":"wp","href":"https:\/\/api.w.org\/{rel}","templated":true}]}}