{"id":689,"date":"2016-11-03T20:38:44","date_gmt":"2016-11-03T20:38:44","guid":{"rendered":"http:\/\/www.villavrbnik.com\/de\/terms-and-conditions\/"},"modified":"2018-02-03T20:08:49","modified_gmt":"2018-02-03T20:08:49","slug":"bedingungen-und-konditionen","status":"publish","type":"page","link":"https:\/\/villavrbnik.com\/de\/bedingungen-und-konditionen\/","title":{"rendered":"Bedingungen und Konditionen"},"content":{"rendered":"<p>Diese Reisebedingungen bilden die Grundlage Ihres Vertrages mit uns, also bitte lesen Sie diese sorgf\u00e4ltig. Nichts in diesen Buchungsbedingungen Einfluss auf die normalen gesetzlichen Rechte.<\/p>\n<h3>Ihre Buchung<\/h3>\n<p>Wenn Sie das Objekt bei uns buchen, zahlen sie 30% f\u00fcr die erste Einzahlung. Bitte beachten Sie, dass die erste Einzahlung nur zur\u00fcckerstattet werden kann, wenn Sie Ihre Buchung innerhalb von 24 Stunden nach Erhalt unserer schriftlichen Best\u00e4tigung Ihrer Buchung, k\u00fcndigen.<\/p>\n<p>Sie Buchen einem Urlaub als Verbraucher und Sie haben anerkannt, dass wir keine Haftung f\u00fcr etwaige gesch\u00e4ftliche Einbu\u00dfen akzeptiert werden, die wie auch immer von ihnen erlitten oder entstehen sind.<\/p>\n<p>Sobald Die erste Einzahlung haben bei uns eingegangen ist, stellen wir Ihnen eine schriftliche Best\u00e4tigung aus. Der Vertrag zwischen uns kommt erst zustande, wenn wir Ihnen unsere schriftliche Best\u00e4tigung ausstellen und unterliegt diesen Bedingungen. Wir behalten uns das Recht vor, alle Buchungen abzulehnen, biss unserer schriftlichen Best\u00e4tigung bei Ihnen nicht eingegangen ist. Wenn wir dieses tun, werden wir unverz\u00fcglich alle kosten zur\u00fcckzahlen die Sie bei uns eingezahlt haben.<\/p>\n<p>Sie sollten sorgf\u00e4ltig die Details unserer schriftlichen Best\u00e4tigung pr\u00fcfen und uns unverz\u00fcglich \u00fcber etwaige Fehler oder Auslassungen informieren.<\/p>\n<h3>Zahlung Ihrer Buchung<\/h3>\n<p>Sie sind verpflichtet, uns Ihre Zahlung f\u00fcr die Rechnung der Vermietung (Der ausstehende Betrag von 70%) mindestens vier Wochen vor dem Anreisedatum zuschicken, wie es in unserer schriftlichen Best\u00e4tigung eingetragen ist. Wenn Sie nicht die Zahlung an uns in vollem Umfang und rechtzeitig machen, werden wir ihre Buchung, als von Ihnen storniert behandeln.<\/p>\n<h3>Wenn Sie stornieren oder Ihre Buchung \u00e4ndern<\/h3>\n<p>Wenn Sie Ihre Buchung stornieren oder \u00e4ndern m\u00f6chten, m\u00fcssen Sie uns auf die Telefonnummer, die sie auf unserer schriftlicher Best\u00e4tigung finden, sobald wie m\u00f6glich anrufen.<\/p>\n<p>Sie werden auch aufgerufen, Ihre K\u00fcndigung schriftlich oder per E-Mail, an die Adressen die auf unsere schriftlichen Best\u00e4tigung angezeigt sind zu best\u00e4tigen. Eine K\u00fcndigung wird erst wirksam, wenn wir eine schriftliche Best\u00e4tigung von Ihnen erhalten.<\/p>\n<p>Wenn Sie Ihre Buchung innerhalb von 24 Stunden nach Erhalt unserer schriftlichen Best\u00e4tigung stornieren, erstatten wir ihnen jedes Geld, das Sie bei uns angezahlt haben. Nach Ablauf dieser Frist behalten wir uns das Recht vor, die Vorauszahlung zu behalten.<\/p>\n<h3>Wenn wir Ihre Buchung \u00e4ndern oder stornieren<\/h3>\n<p>Es ist nicht zu erwarten, dass irgendwelche \u00c4nderungen Ihrer Buchung antreten, aber manchmal Tauchen Probleme auf und wir m\u00fcssen \u00c4nderungen vornehmen oder, sehr selten Buchungen abbrechen.<\/p>\n<p>Wenn dies geschieht, werden wir Sie so bald wie m\u00f6glich kontaktieren und Sie \u00fcber die Aufhebung oder die \u00c4nderung Ihrer Buchung informieren und, wenn es notwendig ist, Ihre Buchung zu stornieren, erstatten wir Ihnen den vollen Ausgleich jedes Geldes, das Sie bei uns eingezahlt haben.<\/p>\n<h3>Ihre Unterkunft<\/h3>\n<p>Wir sind verpflichtet, das Haus, in einwandfreiem Zustand vorzubereiten und alle Annehmlichkeiten f\u00fcr Ihren Komfort, wie geschrieben dazustellen. Sie k\u00f6nnen in Ihrer Unterkunft nach 16.00 Uhr am Tag der Anreise eintreffen und Sie m\u00fcssen die Unterkunft bis 10.00 Uhr am Abreisetag verlassen.<\/p>\n<p>Wenn Ihre Ankunftszeit verz\u00f6gert wird, m\u00fcssen Sie die Person, deren Details auf unserer Buchungsbest\u00e4tigung gegeben sind, kontaktieren, so dass alternative Vorkehrungen getroffen werden k\u00f6nnen. Wenn Sie dies nicht tun, werden Sie m\u00f6glicherweise nicht in der Lage sein, den Zugang zum Objekt erhalten.<\/p>\n<h3>Ihre Verpflichtungen<\/h3>\n<p>Sie erkl\u00e4ren Ihre Zustimmung mit der Hausordnung und anderen Vorschriften die vern\u00fcnftigerweise von Zeit zu Zeit vor sie gestellt werden k\u00f6nnen, und Sie stellen sicher, dass die von allen Mitgliedern Ihrer Partei beobachtet werden.<\/p>\n<p>Sie stimmen das Eigentum und die Einrichtung, K\u00fcchenger\u00e4te, Geschirr, Gl\u00e4ser, sauber und in gutem Zustand zu halten und verlassen.<\/p>\n<p>Sie stimmen zu, keine Sch\u00e4den an den W\u00e4nden T\u00fcren oder Fenster des Eigentums zu verursachen, noch irgendetwas tun, dass vern\u00fcnftigerweise als ein \u00c4rgernis oder \u00c4rger an uns oder andere Besatzer unmittelbar nebeneinander liegenden oder benachbarten Grundst\u00fccken Sein k\u00f6nnte.<\/p>\n<p>Sie stimmen zu, alle notwendigen Schritte unternehmen um Ihrem pers\u00f6nlichen Eigentum zu sichern. Keine Haftung wird Ihnen in Bezug auf Besch\u00e4digung oder Verlust solcher Gegenst\u00e4nde akzeptiert, es sei denn, der Schaden ist durch unsere Fahrl\u00e4ssigkeit verursacht.<\/p>\n<p>Sie verpflichten sich, sicherzustellen, dass jedes Mitglied Ihrer Partei mit einer umfassende Reiseversicherung abgedeckt ist (einschlie\u00dflich K\u00fcndigung, Flugversp\u00e4tungen, Verlust und Besch\u00e4digung von Gep\u00e4ck und anderen Gegenst\u00e4nden) und Krankenversicherung (Einschlie\u00dflich Evakuierung und Repatriierung Abdeckung).<\/p>\n<p>Sie k\u00f6nnen nicht zulassen, dass sich mehr Personen in der Eigenschaft aufhalten als ausdr\u00fccklich befugt ist, wieder k\u00f6nnen Sie die Zusammensetzung der Partei erheblich ver\u00e4ndern. W\u00e4hrend Ihres Aufenthalts, k\u00f6nnen Sie Ihr Haustier nicht in die Eigenschaft mitnehmen, es sie denn, sie haben es im voraus mit den Eigent\u00fcmer abgesprochen. Wenn Sie dies tun, k\u00f6nnen wir die \u00dcbergabe des Eigentums verweigern, oder k\u00f6nnen von Ihnen verlangen, das Eigentum zu verlassen. Wir werden alle diese Umst\u00e4nde als Stornierung der Buchung durch Sie behandeln.<\/p>\n<h3>Beschwerden<\/h3>\n<p>Es wurde alles unternommen, um sicherzustellen, dass Sie einen angenehmen und unvergesslichen Urlaub haben. Wenn Sie jedoch ein Anlass zur Beschwerden haben ist Es wichtig, dass Abhilfema\u00dfnahmen so bald wie m\u00f6glich gemacht werden.<\/p>\n<p>Es ist wichtig, dass Sie uns kontaktieren, wenn irgendein Problem entsteht, so dass Wir es schnell beheben k\u00f6nnen. Es ist oft sehr schwer (Und manchmal unm\u00f6glich) Schwierigkeiten richtig zu l\u00f6sen wenn wir nicht umgehend von Ihnen benachrichtigt werden. Wir werden Er\u00f6rterung aller Kritik mit uns w\u00e4hrend Sie sich in residence befinden, wird in der Regel erm\u00f6glichen, das die M\u00e4ngel sofort behoben werden.<\/p>\n<p>Wenn die Beschwerden nicht w\u00e4hrend Ihres Urlaubs gel\u00f6st werden k\u00f6nnen, m\u00fcssen Sie uns mit allen Details innerhalb von 28 Tagen nach Ende des aufenthalt zu schreiben.<\/p>\n<h3>Gesetz<\/h3>\n<p>Der Vertrag zwischen Ihnen und uns wird von dem Recht von Staat Kroatien bestimmt, und wir sind uns einig, dass jeder Streit, Angelegenheit oder andere Probleme die zwischen uns entstehen k\u00f6nnen, vor den Gericht der Stadt Rijeka, Kroatien gel\u00f6st werden.<\/p>\n","protected":false},"excerpt":{"rendered":"<p>Diese Reisebedingungen bilden die Grundlage Ihres Vertrages mit uns, also bitte lesen Sie diese sorgf\u00e4ltig. Nichts in diesen Buchungsbedingungen Einfluss auf die normalen gesetzlichen Rechte. Ihre Buchung Wenn Sie das Objekt bei uns buchen, zahlen sie 30% f\u00fcr die erste Einzahlung. Bitte beachten Sie, dass die erste Einzahlung nur zur\u00fcckerstattet[&#8230;]<\/p>\n","protected":false},"author":1,"featured_media":0,"parent":0,"menu_order":0,"comment_status":"closed","ping_status":"closed","template":"","meta":{"footnotes":""},"yoast_head":"<!-- This site is optimized with the Yoast SEO plugin v21.9.1 - https:\/\/yoast.com\/wordpress\/plugins\/seo\/ -->\n<title>Bedingungen und Konditionen | Villa Vrbnik<\/title>\n<meta name=\"robots\" content=\"index, follow, max-snippet:-1, max-image-preview:large, max-video-preview:-1\" \/>\n<link rel=\"canonical\" href=\"https:\/\/villavrbnik.com\/de\/bedingungen-und-konditionen\/\" \/>\n<meta property=\"og:locale\" content=\"de_DE\" \/>\n<meta property=\"og:type\" content=\"article\" \/>\n<meta property=\"og:title\" content=\"Bedingungen und Konditionen | Villa Vrbnik\" \/>\n<meta property=\"og:description\" content=\"Diese Reisebedingungen bilden die Grundlage Ihres Vertrages mit uns, also bitte lesen Sie diese sorgf\u00e4ltig. Nichts in diesen Buchungsbedingungen Einfluss auf die normalen gesetzlichen Rechte. Ihre Buchung Wenn Sie das Objekt bei uns buchen, zahlen sie 30% f\u00fcr die erste Einzahlung. Bitte beachten Sie, dass die erste Einzahlung nur zur\u00fcckerstattet[...]\" \/>\n<meta property=\"og:url\" content=\"https:\/\/villavrbnik.com\/de\/bedingungen-und-konditionen\/\" \/>\n<meta property=\"og:site_name\" content=\"Villa Vrbnik\" \/>\n<meta property=\"article:modified_time\" content=\"2018-02-03T20:08:49+00:00\" \/>\n<meta name=\"twitter:card\" content=\"summary_large_image\" \/>\n<meta name=\"twitter:label1\" content=\"Gesch\u00e4tzte Lesezeit\" \/>\n\t<meta name=\"twitter:data1\" content=\"5\u00a0Minuten\" \/>\n<script type=\"application\/ld+json\" class=\"yoast-schema-graph\">{\"@context\":\"https:\/\/schema.org\",\"@graph\":[{\"@type\":\"WebPage\",\"@id\":\"https:\/\/villavrbnik.com\/de\/bedingungen-und-konditionen\/\",\"url\":\"https:\/\/villavrbnik.com\/de\/bedingungen-und-konditionen\/\",\"name\":\"Bedingungen und Konditionen | Villa Vrbnik\",\"isPartOf\":{\"@id\":\"https:\/\/villavrbnik.com\/#website\"},\"datePublished\":\"2016-11-03T20:38:44+00:00\",\"dateModified\":\"2018-02-03T20:08:49+00:00\",\"breadcrumb\":{\"@id\":\"https:\/\/villavrbnik.com\/de\/bedingungen-und-konditionen\/#breadcrumb\"},\"inLanguage\":\"de\",\"potentialAction\":[{\"@type\":\"ReadAction\",\"target\":[\"https:\/\/villavrbnik.com\/de\/bedingungen-und-konditionen\/\"]}]},{\"@type\":\"BreadcrumbList\",\"@id\":\"https:\/\/villavrbnik.com\/de\/bedingungen-und-konditionen\/#breadcrumb\",\"itemListElement\":[{\"@type\":\"ListItem\",\"position\":1,\"name\":\"Home\",\"item\":\"https:\/\/villavrbnik.com\/de\/\"},{\"@type\":\"ListItem\",\"position\":2,\"name\":\"Bedingungen und Konditionen\"}]},{\"@type\":\"WebSite\",\"@id\":\"https:\/\/villavrbnik.com\/#website\",\"url\":\"https:\/\/villavrbnik.com\/\",\"name\":\"Villa Vrbnik\",\"description\":\"Luxury summer home\",\"potentialAction\":[{\"@type\":\"SearchAction\",\"target\":{\"@type\":\"EntryPoint\",\"urlTemplate\":\"https:\/\/villavrbnik.com\/?s={search_term_string}\"},\"query-input\":\"required name=search_term_string\"}],\"inLanguage\":\"de\"}]}<\/script>\n<!-- \/ Yoast SEO plugin. -->","yoast_head_json":{"title":"Bedingungen und Konditionen | Villa Vrbnik","robots":{"index":"index","follow":"follow","max-snippet":"max-snippet:-1","max-image-preview":"max-image-preview:large","max-video-preview":"max-video-preview:-1"},"canonical":"https:\/\/villavrbnik.com\/de\/bedingungen-und-konditionen\/","og_locale":"de_DE","og_type":"article","og_title":"Bedingungen und Konditionen | Villa Vrbnik","og_description":"Diese Reisebedingungen bilden die Grundlage Ihres Vertrages mit uns, also bitte lesen Sie diese sorgf\u00e4ltig. Nichts in diesen Buchungsbedingungen Einfluss auf die normalen gesetzlichen Rechte. Ihre Buchung Wenn Sie das Objekt bei uns buchen, zahlen sie 30% f\u00fcr die erste Einzahlung. Bitte beachten Sie, dass die erste Einzahlung nur zur\u00fcckerstattet[...]","og_url":"https:\/\/villavrbnik.com\/de\/bedingungen-und-konditionen\/","og_site_name":"Villa Vrbnik","article_modified_time":"2018-02-03T20:08:49+00:00","twitter_card":"summary_large_image","twitter_misc":{"Gesch\u00e4tzte Lesezeit":"5\u00a0Minuten"},"schema":{"@context":"https:\/\/schema.org","@graph":[{"@type":"WebPage","@id":"https:\/\/villavrbnik.com\/de\/bedingungen-und-konditionen\/","url":"https:\/\/villavrbnik.com\/de\/bedingungen-und-konditionen\/","name":"Bedingungen und Konditionen | Villa Vrbnik","isPartOf":{"@id":"https:\/\/villavrbnik.com\/#website"},"datePublished":"2016-11-03T20:38:44+00:00","dateModified":"2018-02-03T20:08:49+00:00","breadcrumb":{"@id":"https:\/\/villavrbnik.com\/de\/bedingungen-und-konditionen\/#breadcrumb"},"inLanguage":"de","potentialAction":[{"@type":"ReadAction","target":["https:\/\/villavrbnik.com\/de\/bedingungen-und-konditionen\/"]}]},{"@type":"BreadcrumbList","@id":"https:\/\/villavrbnik.com\/de\/bedingungen-und-konditionen\/#breadcrumb","itemListElement":[{"@type":"ListItem","position":1,"name":"Home","item":"https:\/\/villavrbnik.com\/de\/"},{"@type":"ListItem","position":2,"name":"Bedingungen und Konditionen"}]},{"@type":"WebSite","@id":"https:\/\/villavrbnik.com\/#website","url":"https:\/\/villavrbnik.com\/","name":"Villa Vrbnik","description":"Luxury summer home","potentialAction":[{"@type":"SearchAction","target":{"@type":"EntryPoint","urlTemplate":"https:\/\/villavrbnik.com\/?s={search_term_string}"},"query-input":"required name=search_term_string"}],"inLanguage":"de"}]}},"_links":{"self":[{"href":"https:\/\/villavrbnik.com\/de\/wp-json\/wp\/v2\/pages\/689"}],"collection":[{"href":"https:\/\/villavrbnik.com\/de\/wp-json\/wp\/v2\/pages"}],"about":[{"href":"https:\/\/villavrbnik.com\/de\/wp-json\/wp\/v2\/types\/page"}],"author":[{"embeddable":true,"href":"https:\/\/villavrbnik.com\/de\/wp-json\/wp\/v2\/users\/1"}],"replies":[{"embeddable":true,"href":"https:\/\/villavrbnik.com\/de\/wp-json\/wp\/v2\/comments?post=689"}],"version-history":[{"count":2,"href":"https:\/\/villavrbnik.com\/de\/wp-json\/wp\/v2\/pages\/689\/revisions"}],"predecessor-version":[{"id":1106,"href":"https:\/\/villavrbnik.com\/de\/wp-json\/wp\/v2\/pages\/689\/revisions\/1106"}],"wp:attachment":[{"href":"https:\/\/villavrbnik.com\/de\/wp-json\/wp\/v2\/media?parent=689"}],"curies":[{"name":"wp","href":"https:\/\/api.w.org\/{rel}","templated":true}]}}