{"id":232,"date":"2015-05-12T16:50:33","date_gmt":"2015-05-12T16:50:33","guid":{"rendered":"http:\/\/www.villavrbnik.com\/de\/reservation-form\/"},"modified":"2026-01-05T06:44:38","modified_gmt":"2026-01-05T06:44:38","slug":"reservierung","status":"publish","type":"page","link":"https:\/\/villavrbnik.com\/de\/reservierung\/","title":{"rendered":"Reservierung"},"content":{"rendered":"<p>Bitte reservieren Sie f\u00fcr Ihren Aufenthalt in unserer Villa Vrbnik per e-mail\u00a0<a href=\"mailto:booking@villavrbnik.com\">booking@villavrbnik.com<\/a> . Wir werden Ihre Anfrageinnerhalb von 24 Stunden zu antworten.<br \/>Nachdem wir Ihre Reservierung best\u00e4tigen schicken wir eine Rechnungf\u00fcr eine 30% Vorauszahlung, wir bitten Sie, diese innerhalb einer Frist von 2 Tagen, zu zahlen,um die Buchung zu garantieren,und uns die Bank Best\u00e4tigung Ihrer Zahlung zuschicken,ansonsten wird Ihre Reservierung ohne Vorank\u00fcndigung abgebrochen.Wir bitten Sie, den ausstehenden Betrag der Rechnung sp\u00e4testens 30Tage vor Anreise zu zahlen.Wir werden ihnen jedes Mal, eine schriftliche Best\u00e4tigungIhrer Zahlung ausstellen. Bitte beachten Sie unsere <a href=\"http:\/\/www.villavrbnik.com\/de\/bedingungen-und-konditionen\/\">Bedingungen und Konditionen<\/a><\/p>\n<p><strong>Preisliste 2026.:<\/strong><\/p>\n<p>MAY \u2013 1000,- EUR<\/p>\n<p>JUNE \u2013 1250,- EUR<\/p>\n<p>JULY \/ AUGUST \u2013 1750,- EUR<\/p>\n<p>SEPTEMBER \u2013 1250,- EUR<\/p>\n<p>OCTOBER \u2013 1000,- EUR<\/p>\n<p>*Preise pro Nacht in EURO\/*7 nights minimum stay<br \/>*Maximale Belegung: 10 G\u00e4ste\/*Haustiere sind willkommen (Aufpreis von 200,- EUR pro Haustier\/Aufenthalt)<\/p>\n<p>Check In at 16.00h \/ Check Out at 10.00h<\/p>\n<p>Anzahlung bei Ankunft 1000,- EUR<\/p>\n\n<div role=\"form\" class=\"wpcf7\" id=\"wpcf7-f244-o1\" lang=\"en-US\" dir=\"ltr\">\n<div class=\"screen-reader-response\"><\/div>\n<form action=\"\/de\/wp-json\/wp\/v2\/pages\/232#wpcf7-f244-o1\" method=\"post\" class=\"wpcf7-form\" novalidate=\"novalidate\">\n<div style=\"display: none;\">\n<input type=\"hidden\" name=\"_wpcf7\" value=\"244\" \/>\n<input type=\"hidden\" name=\"_wpcf7_version\" value=\"5.0.3\" \/>\n<input type=\"hidden\" name=\"_wpcf7_locale\" value=\"en_US\" \/>\n<input type=\"hidden\" name=\"_wpcf7_unit_tag\" value=\"wpcf7-f244-o1\" \/>\n<input type=\"hidden\" name=\"_wpcf7_container_post\" value=\"0\" \/>\n<\/div>\n<p><label> Ihr Name (required)<br \/>\n    <span class=\"wpcf7-form-control-wrap your-name\"><input type=\"text\" name=\"your-name\" value=\"\" size=\"40\" class=\"wpcf7-form-control wpcf7-text wpcf7-validates-as-required\" aria-required=\"true\" aria-invalid=\"false\" \/><\/span> <\/label><\/p>\n<p><label> Ihr Email (required)<br \/>\n    <span class=\"wpcf7-form-control-wrap your-email\"><input type=\"email\" name=\"your-email\" value=\"\" size=\"40\" class=\"wpcf7-form-control wpcf7-text wpcf7-email wpcf7-validates-as-required wpcf7-validates-as-email\" aria-required=\"true\" aria-invalid=\"false\" \/><\/span> <\/label><\/p>\n<p><label> \u00dcberschrift<br \/>\n    <span class=\"wpcf7-form-control-wrap your-subject\"><input type=\"text\" name=\"your-subject\" value=\"\" size=\"40\" class=\"wpcf7-form-control wpcf7-text\" aria-invalid=\"false\" \/><\/span> <\/label><\/p>\n<p><label> Ihre Nacricht<br \/>\n    <span class=\"wpcf7-form-control-wrap your-message\"><textarea name=\"your-message\" cols=\"40\" rows=\"10\" class=\"wpcf7-form-control wpcf7-textarea\" aria-invalid=\"false\"><\/textarea><\/span> <\/label><\/p>\n<div class=\"wpcf7-form-control-wrap\"><div data-sitekey=\"6LdBYA8UAAAAAN-iNQfep0BD5LFWLBLpf2NXorSq\" class=\"wpcf7-form-control g-recaptcha wpcf7-recaptcha\"><\/div>\n<noscript>\n\t<div style=\"width: 302px; height: 422px;\">\n\t\t<div style=\"width: 302px; height: 422px; position: relative;\">\n\t\t\t<div style=\"width: 302px; height: 422px; position: absolute;\">\n\t\t\t\t<iframe src=\"https:\/\/www.google.com\/recaptcha\/api\/fallback?k=6LdBYA8UAAAAAN-iNQfep0BD5LFWLBLpf2NXorSq\" frameborder=\"0\" scrolling=\"no\" style=\"width: 302px; height:422px; border-style: none;\">\n\t\t\t\t<\/iframe>\n\t\t\t<\/div>\n\t\t\t<div style=\"width: 300px; height: 60px; border-style: none; bottom: 12px; left: 25px; margin: 0px; padding: 0px; right: 25px; background: #f9f9f9; border: 1px solid #c1c1c1; border-radius: 3px;\">\n\t\t\t\t<textarea id=\"g-recaptcha-response\" name=\"g-recaptcha-response\" class=\"g-recaptcha-response\" style=\"width: 250px; height: 40px; border: 1px solid #c1c1c1; margin: 10px 25px; padding: 0px; resize: none;\">\n\t\t\t\t<\/textarea>\n\t\t\t<\/div>\n\t\t<\/div>\n\t<\/div>\n<\/noscript>\n<\/div>\n<p><input type=\"submit\" value=\"Senden\" class=\"wpcf7-form-control wpcf7-submit\" \/><\/p>\n<p style=\"display: none !important;\" class=\"akismet-fields-container\" data-prefix=\"_wpcf7_ak_\"><label>&#916;<textarea name=\"_wpcf7_ak_hp_textarea\" cols=\"45\" rows=\"8\" maxlength=\"100\"><\/textarea><\/label><input type=\"hidden\" id=\"ak_js_1\" name=\"_wpcf7_ak_js\" value=\"149\"\/><script>document.getElementById( \"ak_js_1\" ).setAttribute( \"value\", ( new Date() ).getTime() );<\/script><\/p><div class=\"wpcf7-response-output wpcf7-display-none\"><\/div><\/form><\/div>\n","protected":false},"excerpt":{"rendered":"<p>Bitte reservieren Sie f\u00fcr Ihren Aufenthalt in unserer Villa Vrbnik per e-mail\u00a0booking@villavrbnik.com . Wir werden Ihre Anfrageinnerhalb von 24 Stunden zu antworten.Nachdem wir Ihre Reservierung best\u00e4tigen schicken wir eine Rechnungf\u00fcr eine 30% Vorauszahlung, wir bitten Sie, diese innerhalb einer Frist von 2 Tagen, zu zahlen,um die Buchung zu garantieren,und uns[&#8230;]<\/p>\n","protected":false},"author":1,"featured_media":0,"parent":0,"menu_order":0,"comment_status":"closed","ping_status":"open","template":"template-booking.php","meta":{"footnotes":""},"yoast_head":"<!-- This site is optimized with the Yoast SEO plugin v21.9.1 - https:\/\/yoast.com\/wordpress\/plugins\/seo\/ -->\n<title>Reservierung | Villa Vrbnik<\/title>\n<meta name=\"robots\" content=\"index, follow, max-snippet:-1, max-image-preview:large, max-video-preview:-1\" \/>\n<link rel=\"canonical\" href=\"https:\/\/villavrbnik.com\/de\/reservierung\/\" \/>\n<meta property=\"og:locale\" content=\"de_DE\" \/>\n<meta property=\"og:type\" content=\"article\" \/>\n<meta property=\"og:title\" content=\"Reservierung | Villa Vrbnik\" \/>\n<meta property=\"og:description\" content=\"Bitte reservieren Sie f\u00fcr Ihren Aufenthalt in unserer Villa Vrbnik per e-mail\u00a0booking@villavrbnik.com . Wir werden Ihre Anfrageinnerhalb von 24 Stunden zu antworten.Nachdem wir Ihre Reservierung best\u00e4tigen schicken wir eine Rechnungf\u00fcr eine 30% Vorauszahlung, wir bitten Sie, diese innerhalb einer Frist von 2 Tagen, zu zahlen,um die Buchung zu garantieren,und uns[...]\" \/>\n<meta property=\"og:url\" content=\"https:\/\/villavrbnik.com\/de\/reservierung\/\" \/>\n<meta property=\"og:site_name\" content=\"Villa Vrbnik\" \/>\n<meta property=\"article:modified_time\" content=\"2026-01-05T06:44:38+00:00\" \/>\n<meta name=\"twitter:card\" content=\"summary_large_image\" \/>\n<meta name=\"twitter:label1\" content=\"Gesch\u00e4tzte Lesezeit\" \/>\n\t<meta name=\"twitter:data1\" content=\"1\u00a0Minute\" \/>\n<script type=\"application\/ld+json\" class=\"yoast-schema-graph\">{\"@context\":\"https:\/\/schema.org\",\"@graph\":[{\"@type\":\"WebPage\",\"@id\":\"https:\/\/villavrbnik.com\/de\/reservierung\/\",\"url\":\"https:\/\/villavrbnik.com\/de\/reservierung\/\",\"name\":\"Reservierung | Villa Vrbnik\",\"isPartOf\":{\"@id\":\"https:\/\/villavrbnik.com\/#website\"},\"datePublished\":\"2015-05-12T16:50:33+00:00\",\"dateModified\":\"2026-01-05T06:44:38+00:00\",\"breadcrumb\":{\"@id\":\"https:\/\/villavrbnik.com\/de\/reservierung\/#breadcrumb\"},\"inLanguage\":\"de\",\"potentialAction\":[{\"@type\":\"ReadAction\",\"target\":[\"https:\/\/villavrbnik.com\/de\/reservierung\/\"]}]},{\"@type\":\"BreadcrumbList\",\"@id\":\"https:\/\/villavrbnik.com\/de\/reservierung\/#breadcrumb\",\"itemListElement\":[{\"@type\":\"ListItem\",\"position\":1,\"name\":\"Home\",\"item\":\"https:\/\/villavrbnik.com\/de\/\"},{\"@type\":\"ListItem\",\"position\":2,\"name\":\"Reservierung\"}]},{\"@type\":\"WebSite\",\"@id\":\"https:\/\/villavrbnik.com\/#website\",\"url\":\"https:\/\/villavrbnik.com\/\",\"name\":\"Villa Vrbnik\",\"description\":\"Luxury summer home\",\"potentialAction\":[{\"@type\":\"SearchAction\",\"target\":{\"@type\":\"EntryPoint\",\"urlTemplate\":\"https:\/\/villavrbnik.com\/?s={search_term_string}\"},\"query-input\":\"required name=search_term_string\"}],\"inLanguage\":\"de\"}]}<\/script>\n<!-- \/ Yoast SEO plugin. -->","yoast_head_json":{"title":"Reservierung | Villa Vrbnik","robots":{"index":"index","follow":"follow","max-snippet":"max-snippet:-1","max-image-preview":"max-image-preview:large","max-video-preview":"max-video-preview:-1"},"canonical":"https:\/\/villavrbnik.com\/de\/reservierung\/","og_locale":"de_DE","og_type":"article","og_title":"Reservierung | Villa Vrbnik","og_description":"Bitte reservieren Sie f\u00fcr Ihren Aufenthalt in unserer Villa Vrbnik per e-mail\u00a0booking@villavrbnik.com . Wir werden Ihre Anfrageinnerhalb von 24 Stunden zu antworten.Nachdem wir Ihre Reservierung best\u00e4tigen schicken wir eine Rechnungf\u00fcr eine 30% Vorauszahlung, wir bitten Sie, diese innerhalb einer Frist von 2 Tagen, zu zahlen,um die Buchung zu garantieren,und uns[...]","og_url":"https:\/\/villavrbnik.com\/de\/reservierung\/","og_site_name":"Villa Vrbnik","article_modified_time":"2026-01-05T06:44:38+00:00","twitter_card":"summary_large_image","twitter_misc":{"Gesch\u00e4tzte Lesezeit":"1\u00a0Minute"},"schema":{"@context":"https:\/\/schema.org","@graph":[{"@type":"WebPage","@id":"https:\/\/villavrbnik.com\/de\/reservierung\/","url":"https:\/\/villavrbnik.com\/de\/reservierung\/","name":"Reservierung | Villa Vrbnik","isPartOf":{"@id":"https:\/\/villavrbnik.com\/#website"},"datePublished":"2015-05-12T16:50:33+00:00","dateModified":"2026-01-05T06:44:38+00:00","breadcrumb":{"@id":"https:\/\/villavrbnik.com\/de\/reservierung\/#breadcrumb"},"inLanguage":"de","potentialAction":[{"@type":"ReadAction","target":["https:\/\/villavrbnik.com\/de\/reservierung\/"]}]},{"@type":"BreadcrumbList","@id":"https:\/\/villavrbnik.com\/de\/reservierung\/#breadcrumb","itemListElement":[{"@type":"ListItem","position":1,"name":"Home","item":"https:\/\/villavrbnik.com\/de\/"},{"@type":"ListItem","position":2,"name":"Reservierung"}]},{"@type":"WebSite","@id":"https:\/\/villavrbnik.com\/#website","url":"https:\/\/villavrbnik.com\/","name":"Villa Vrbnik","description":"Luxury summer home","potentialAction":[{"@type":"SearchAction","target":{"@type":"EntryPoint","urlTemplate":"https:\/\/villavrbnik.com\/?s={search_term_string}"},"query-input":"required name=search_term_string"}],"inLanguage":"de"}]}},"_links":{"self":[{"href":"https:\/\/villavrbnik.com\/de\/wp-json\/wp\/v2\/pages\/232"}],"collection":[{"href":"https:\/\/villavrbnik.com\/de\/wp-json\/wp\/v2\/pages"}],"about":[{"href":"https:\/\/villavrbnik.com\/de\/wp-json\/wp\/v2\/types\/page"}],"author":[{"embeddable":true,"href":"https:\/\/villavrbnik.com\/de\/wp-json\/wp\/v2\/users\/1"}],"replies":[{"embeddable":true,"href":"https:\/\/villavrbnik.com\/de\/wp-json\/wp\/v2\/comments?post=232"}],"version-history":[{"count":24,"href":"https:\/\/villavrbnik.com\/de\/wp-json\/wp\/v2\/pages\/232\/revisions"}],"predecessor-version":[{"id":2371,"href":"https:\/\/villavrbnik.com\/de\/wp-json\/wp\/v2\/pages\/232\/revisions\/2371"}],"wp:attachment":[{"href":"https:\/\/villavrbnik.com\/de\/wp-json\/wp\/v2\/media?parent=232"}],"curies":[{"name":"wp","href":"https:\/\/api.w.org\/{rel}","templated":true}]}}